{"id":78,"date":"2020-01-30T10:40:06","date_gmt":"2020-01-30T10:40:06","guid":{"rendered":"http:\/\/dev.cm-changemaking.de\/?page_id=78"},"modified":"2025-09-18T20:46:12","modified_gmt":"2025-09-18T19:46:12","slug":"newsletter","status":"publish","type":"page","link":"https:\/\/conscious-moments.com\/en\/newsletter\/","title":{"rendered":"Newsletter"},"content":{"rendered":"<div data-elementor-type=\"wp-page\" data-elementor-id=\"78\" class=\"elementor elementor-78\">\n\t\t\t\t\t\t<section class=\"elementor-section elementor-top-section elementor-element elementor-element-24c27fa elementor-section-boxed elementor-section-height-default elementor-section-height-default\" data-id=\"24c27fa\" data-element_type=\"section\">\n\t\t\t\t\t\t<div class=\"elementor-container elementor-column-gap-default\">\n\t\t\t\t\t<div class=\"elementor-column elementor-col-100 elementor-top-column elementor-element elementor-element-4ab5bdc\" data-id=\"4ab5bdc\" data-element_type=\"column\">\n\t\t\t<div class=\"elementor-widget-wrap elementor-element-populated\">\n\t\t\t\t\t\t<div class=\"elementor-element elementor-element-f3db621 elementor-widget elementor-widget-spacer\" data-id=\"f3db621\" data-element_type=\"widget\" data-widget_type=\"spacer.default\">\n\t\t\t\t<div class=\"elementor-widget-container\">\n\t\t\t\t\t\t\t<div class=\"elementor-spacer\">\n\t\t\t<div class=\"elementor-spacer-inner\"><\/div>\n\t\t<\/div>\n\t\t\t\t\t\t<\/div>\n\t\t\t\t<\/div>\n\t\t\t\t\t<\/div>\n\t\t<\/div>\n\t\t\t\t\t<\/div>\n\t\t<\/section>\n\t\t\t\t<section class=\"elementor-section elementor-top-section elementor-element elementor-element-7b4af8b elementor-section-boxed elementor-section-height-default elementor-section-height-default\" data-id=\"7b4af8b\" data-element_type=\"section\">\n\t\t\t\t\t\t<div class=\"elementor-container elementor-column-gap-default\">\n\t\t\t\t\t<div class=\"elementor-column elementor-col-100 elementor-top-column elementor-element elementor-element-a29f585\" data-id=\"a29f585\" data-element_type=\"column\">\n\t\t\t<div class=\"elementor-widget-wrap elementor-element-populated\">\n\t\t\t\t\t\t<div class=\"elementor-element elementor-element-5e70765 elementor-widget elementor-widget-heading\" data-id=\"5e70765\" data-element_type=\"widget\" data-widget_type=\"heading.default\">\n\t\t\t\t<div class=\"elementor-widget-container\">\n\t\t\t\t\t<h2 class=\"elementor-heading-title elementor-size-default\">Komm mit uns auf den Weg und bleib informiert.<\/h2>\t\t\t\t<\/div>\n\t\t\t\t<\/div>\n\t\t\t\t\t<\/div>\n\t\t<\/div>\n\t\t\t\t\t<\/div>\n\t\t<\/section>\n\t\t\t\t<section class=\"elementor-section elementor-top-section elementor-element elementor-element-fcbbeb3 elementor-section-boxed elementor-section-height-default elementor-section-height-default\" data-id=\"fcbbeb3\" data-element_type=\"section\">\n\t\t\t\t\t\t<div class=\"elementor-container elementor-column-gap-default\">\n\t\t\t\t\t<div class=\"elementor-column elementor-col-50 elementor-top-column elementor-element elementor-element-c4001bf\" data-id=\"c4001bf\" data-element_type=\"column\">\n\t\t\t<div class=\"elementor-widget-wrap elementor-element-populated\">\n\t\t\t\t\t\t<div class=\"elementor-element elementor-element-259c672 elementor-widget elementor-widget-text-editor\" data-id=\"259c672\" data-element_type=\"widget\" data-widget_type=\"text-editor.default\">\n\t\t\t\t<div class=\"elementor-widget-container\">\n\t\t\t\t\t\t\t\t\t<p>M\u00f6chtest du laufend informiert bleiben \u00fcber BEWUSSTE MOMENTE, die wir anbieten? Wir begleiten dich mit Impulsen zu einem bewussteren Leben auf deinem pers\u00f6nlichen Weg.<\/p><p>Auch wir als Familie erleben in diesen besonderen Zeiten viele Momente in denen wir wachsen. Diese teilen wir gerne mit dir in unserem Newsletter. Gleichzeitig erh\u00e4ltst du Informationen zu Angeboten, wenn du dich f\u00fcr unseren NEWSLETTER eintr\u00e4gst.\u00a0<\/p><p>Der CONSCIOUS MOMENTS Newsletter erreicht dich alle 8 Wochen und du kannst ihn nat\u00fcrlich jederzeit k\u00fcndigen.<\/p><p>M\u00f6chtest du unseren Newsletter abonnieren? Dann schicke uns eine Email mit dem Betreff &#8222;Newsletter&#8220; an hello@conscious-moments.com<\/p>\t\t\t\t\t\t\t\t<\/div>\n\t\t\t\t<\/div>\n\t\t\t\t\t<\/div>\n\t\t<\/div>\n\t\t\t\t<div class=\"elementor-column elementor-col-50 elementor-top-column elementor-element elementor-element-7f5a8c1\" data-id=\"7f5a8c1\" data-element_type=\"column\">\n\t\t\t<div class=\"elementor-widget-wrap elementor-element-populated\">\n\t\t\t\t\t\t<div class=\"elementor-element elementor-element-f9bc26e elementor-widget elementor-widget-image\" data-id=\"f9bc26e\" data-element_type=\"widget\" data-widget_type=\"image.default\">\n\t\t\t\t<div class=\"elementor-widget-container\">\n\t\t\t\t\t\t\t\t\t\t\t\t\t\t\t<img fetchpriority=\"high\" decoding=\"async\" width=\"1024\" height=\"683\" src=\"https:\/\/conscious-moments.com\/wp-content\/uploads\/2025\/09\/083-Unser-Familienshooting-17.09.2025-Bianca-Heitmann-Fotografie-1024x683.jpg\" class=\"attachment-large size-large wp-image-2697\" alt=\"\" srcset=\"https:\/\/conscious-moments.com\/wp-content\/uploads\/2025\/09\/083-Unser-Familienshooting-17.09.2025-Bianca-Heitmann-Fotografie-1024x683.jpg 1024w, https:\/\/conscious-moments.com\/wp-content\/uploads\/2025\/09\/083-Unser-Familienshooting-17.09.2025-Bianca-Heitmann-Fotografie-300x200.jpg 300w, https:\/\/conscious-moments.com\/wp-content\/uploads\/2025\/09\/083-Unser-Familienshooting-17.09.2025-Bianca-Heitmann-Fotografie-768x512.jpg 768w, https:\/\/conscious-moments.com\/wp-content\/uploads\/2025\/09\/083-Unser-Familienshooting-17.09.2025-Bianca-Heitmann-Fotografie-1536x1024.jpg 1536w, https:\/\/conscious-moments.com\/wp-content\/uploads\/2025\/09\/083-Unser-Familienshooting-17.09.2025-Bianca-Heitmann-Fotografie-18x12.jpg 18w, https:\/\/conscious-moments.com\/wp-content\/uploads\/2025\/09\/083-Unser-Familienshooting-17.09.2025-Bianca-Heitmann-Fotografie-1620x1080.jpg 1620w, https:\/\/conscious-moments.com\/wp-content\/uploads\/2025\/09\/083-Unser-Familienshooting-17.09.2025-Bianca-Heitmann-Fotografie.jpg 1920w\" sizes=\"(max-width: 1024px) 100vw, 1024px\" \/>\t\t\t\t\t\t\t\t\t\t\t\t\t\t\t<\/div>\n\t\t\t\t<\/div>\n\t\t\t\t\t<\/div>\n\t\t<\/div>\n\t\t\t\t\t<\/div>\n\t\t<\/section>\n\t\t\t\t<section class=\"elementor-section elementor-top-section elementor-element elementor-element-8cd5b89 elementor-section-boxed elementor-section-height-default elementor-section-height-default\" data-id=\"8cd5b89\" data-element_type=\"section\">\n\t\t\t\t\t\t<div class=\"elementor-container elementor-column-gap-default\">\n\t\t\t\t\t<div class=\"elementor-column elementor-col-100 elementor-top-column elementor-element elementor-element-a410100\" data-id=\"a410100\" data-element_type=\"column\">\n\t\t\t<div class=\"elementor-widget-wrap elementor-element-populated\">\n\t\t\t\t\t\t<div class=\"elementor-element elementor-element-4368b87 elementor-widget elementor-widget-spacer\" data-id=\"4368b87\" data-element_type=\"widget\" data-widget_type=\"spacer.default\">\n\t\t\t\t<div class=\"elementor-widget-container\">\n\t\t\t\t\t\t\t<div class=\"elementor-spacer\">\n\t\t\t<div class=\"elementor-spacer-inner\"><\/div>\n\t\t<\/div>\n\t\t\t\t\t\t<\/div>\n\t\t\t\t<\/div>\n\t\t\t\t<div class=\"elementor-element elementor-element-ba5754c elementor-view-default elementor-widget elementor-widget-icon\" data-id=\"ba5754c\" data-element_type=\"widget\" data-widget_type=\"icon.default\">\n\t\t\t\t<div class=\"elementor-widget-container\">\n\t\t\t\t\t\t\t<div class=\"elementor-icon-wrapper\">\n\t\t\t<div class=\"elementor-icon\">\n\t\t\t<i aria-hidden=\"true\" class=\"fas fa-heart\"><\/i>\t\t\t<\/div>\n\t\t<\/div>\n\t\t\t\t\t\t<\/div>\n\t\t\t\t<\/div>\n\t\t\t\t\t<\/div>\n\t\t<\/div>\n\t\t\t\t\t<\/div>\n\t\t<\/section>\n\t\t\t\t<section class=\"elementor-section elementor-top-section elementor-element elementor-element-cd10c3f elementor-section-boxed elementor-section-height-default elementor-section-height-default\" data-id=\"cd10c3f\" data-element_type=\"section\">\n\t\t\t\t\t\t<div class=\"elementor-container elementor-column-gap-default\">\n\t\t\t\t\t<div class=\"elementor-column elementor-col-100 elementor-top-column elementor-element elementor-element-c2ce6f3\" data-id=\"c2ce6f3\" data-element_type=\"column\">\n\t\t\t<div class=\"elementor-widget-wrap\">\n\t\t\t\t\t\t\t<\/div>\n\t\t<\/div>\n\t\t\t\t\t<\/div>\n\t\t<\/section>\n\t\t\t\t<\/div>","protected":false},"excerpt":{"rendered":"<p>Komm mit uns auf den Weg und bleib informiert. M\u00f6chtest du laufend informiert bleiben \u00fcber BEWUSSTE MOMENTE, die wir anbieten? Wir begleiten dich mit Impulsen zu einem bewussteren Leben auf deinem pers\u00f6nlichen Weg. Auch wir als Familie erleben in diesen besonderen Zeiten viele Momente in denen wir wachsen. Diese teilen wir gerne mit dir in&hellip; <br \/> <a class=\"read-more\" href=\"https:\/\/conscious-moments.com\/en\/newsletter\/\">Read more<\/a><\/p>","protected":false},"author":1,"featured_media":1374,"parent":0,"menu_order":0,"comment_status":"closed","ping_status":"closed","template":"","meta":{"footnotes":""},"class_list":["post-78","page","type-page","status-publish","has-post-thumbnail","hentry"],"yoast_head":"<!-- This site is optimized with the Yoast SEO plugin v26.1.1 - https:\/\/yoast.com\/wordpress\/plugins\/seo\/ -->\n<title>Newsletter - Conscious Moments<\/title>\n<meta name=\"robots\" content=\"index, follow, max-snippet:-1, max-image-preview:large, max-video-preview:-1\" \/>\n<link rel=\"canonical\" href=\"https:\/\/conscious-moments.com\/en\/newsletter\/\" \/>\n<meta property=\"og:locale\" content=\"en_GB\" \/>\n<meta property=\"og:type\" content=\"article\" \/>\n<meta property=\"og:title\" content=\"Newsletter - Conscious Moments\" \/>\n<meta property=\"og:description\" content=\"Komm mit uns auf den Weg und bleib informiert. M\u00f6chtest du laufend informiert bleiben \u00fcber BEWUSSTE MOMENTE, die wir anbieten? Wir begleiten dich mit Impulsen zu einem bewussteren Leben auf deinem pers\u00f6nlichen Weg. Auch wir als Familie erleben in diesen besonderen Zeiten viele Momente in denen wir wachsen. Diese teilen wir gerne mit dir in&hellip; Read more\" \/>\n<meta property=\"og:url\" content=\"https:\/\/conscious-moments.com\/en\/newsletter\/\" \/>\n<meta property=\"og:site_name\" content=\"Conscious Moments\" \/>\n<meta property=\"article:modified_time\" content=\"2025-09-18T19:46:12+00:00\" \/>\n<meta property=\"og:image\" content=\"https:\/\/conscious-moments.com\/wp-content\/uploads\/2025\/04\/Hintergrund-Bild-scaled.jpg\" \/>\n\t<meta property=\"og:image:width\" content=\"1920\" \/>\n\t<meta property=\"og:image:height\" content=\"2560\" \/>\n\t<meta property=\"og:image:type\" content=\"image\/jpeg\" \/>\n<meta name=\"twitter:card\" content=\"summary_large_image\" \/>\n<meta name=\"twitter:label1\" content=\"Estimated reading time\" \/>\n\t<meta name=\"twitter:data1\" content=\"1 minute\" \/>\n<script type=\"application\/ld+json\" class=\"yoast-schema-graph\">{\"@context\":\"https:\/\/schema.org\",\"@graph\":[{\"@type\":\"WebPage\",\"@id\":\"https:\/\/conscious-moments.com\/newsletter\/\",\"url\":\"https:\/\/conscious-moments.com\/newsletter\/\",\"name\":\"Newsletter - Conscious Moments\",\"isPartOf\":{\"@id\":\"https:\/\/conscious-moments.com\/#website\"},\"primaryImageOfPage\":{\"@id\":\"https:\/\/conscious-moments.com\/newsletter\/#primaryimage\"},\"image\":{\"@id\":\"https:\/\/conscious-moments.com\/newsletter\/#primaryimage\"},\"thumbnailUrl\":\"https:\/\/conscious-moments.com\/wp-content\/uploads\/2025\/04\/Hintergrund-Bild-scaled.jpg\",\"datePublished\":\"2020-01-30T10:40:06+00:00\",\"dateModified\":\"2025-09-18T19:46:12+00:00\",\"breadcrumb\":{\"@id\":\"https:\/\/conscious-moments.com\/newsletter\/#breadcrumb\"},\"inLanguage\":\"en-GB\",\"potentialAction\":[{\"@type\":\"ReadAction\",\"target\":[\"https:\/\/conscious-moments.com\/newsletter\/\"]}]},{\"@type\":\"ImageObject\",\"inLanguage\":\"en-GB\",\"@id\":\"https:\/\/conscious-moments.com\/newsletter\/#primaryimage\",\"url\":\"https:\/\/conscious-moments.com\/wp-content\/uploads\/2025\/04\/Hintergrund-Bild-scaled.jpg\",\"contentUrl\":\"https:\/\/conscious-moments.com\/wp-content\/uploads\/2025\/04\/Hintergrund-Bild-scaled.jpg\",\"width\":1920,\"height\":2560},{\"@type\":\"BreadcrumbList\",\"@id\":\"https:\/\/conscious-moments.com\/newsletter\/#breadcrumb\",\"itemListElement\":[{\"@type\":\"ListItem\",\"position\":1,\"name\":\"Startseite\",\"item\":\"https:\/\/conscious-moments.com\/\"},{\"@type\":\"ListItem\",\"position\":2,\"name\":\"Newsletter\"}]},{\"@type\":\"WebSite\",\"@id\":\"https:\/\/conscious-moments.com\/#website\",\"url\":\"https:\/\/conscious-moments.com\/\",\"name\":\"Conscious Moments\",\"description\":\"\",\"publisher\":{\"@id\":\"https:\/\/conscious-moments.com\/#organization\"},\"potentialAction\":[{\"@type\":\"SearchAction\",\"target\":{\"@type\":\"EntryPoint\",\"urlTemplate\":\"https:\/\/conscious-moments.com\/?s={search_term_string}\"},\"query-input\":{\"@type\":\"PropertyValueSpecification\",\"valueRequired\":true,\"valueName\":\"search_term_string\"}}],\"inLanguage\":\"en-GB\"},{\"@type\":\"Organization\",\"@id\":\"https:\/\/conscious-moments.com\/#organization\",\"name\":\"Conscious Moments\",\"url\":\"https:\/\/conscious-moments.com\/\",\"logo\":{\"@type\":\"ImageObject\",\"inLanguage\":\"en-GB\",\"@id\":\"https:\/\/conscious-moments.com\/#\/schema\/logo\/image\/\",\"url\":\"https:\/\/cm-changemaking.de\/wp-content\/uploads\/2020\/01\/logo-change-making.png\",\"contentUrl\":\"https:\/\/cm-changemaking.de\/wp-content\/uploads\/2020\/01\/logo-change-making.png\",\"width\":540,\"height\":309,\"caption\":\"Conscious Moments\"},\"image\":{\"@id\":\"https:\/\/conscious-moments.com\/#\/schema\/logo\/image\/\"}}]}<\/script>\n<!-- \/ Yoast SEO plugin. -->","yoast_head_json":{"title":"Newsletter - Conscious Moments","robots":{"index":"index","follow":"follow","max-snippet":"max-snippet:-1","max-image-preview":"max-image-preview:large","max-video-preview":"max-video-preview:-1"},"canonical":"https:\/\/conscious-moments.com\/en\/newsletter\/","og_locale":"en_GB","og_type":"article","og_title":"Newsletter - Conscious Moments","og_description":"Komm mit uns auf den Weg und bleib informiert. M\u00f6chtest du laufend informiert bleiben \u00fcber BEWUSSTE MOMENTE, die wir anbieten? Wir begleiten dich mit Impulsen zu einem bewussteren Leben auf deinem pers\u00f6nlichen Weg. Auch wir als Familie erleben in diesen besonderen Zeiten viele Momente in denen wir wachsen. Diese teilen wir gerne mit dir in&hellip; Read more","og_url":"https:\/\/conscious-moments.com\/en\/newsletter\/","og_site_name":"Conscious Moments","article_modified_time":"2025-09-18T19:46:12+00:00","og_image":[{"width":1920,"height":2560,"url":"https:\/\/conscious-moments.com\/wp-content\/uploads\/2025\/04\/Hintergrund-Bild-scaled.jpg","type":"image\/jpeg"}],"twitter_card":"summary_large_image","twitter_misc":{"Estimated reading time":"1 minute"},"schema":{"@context":"https:\/\/schema.org","@graph":[{"@type":"WebPage","@id":"https:\/\/conscious-moments.com\/newsletter\/","url":"https:\/\/conscious-moments.com\/newsletter\/","name":"Newsletter - Conscious Moments","isPartOf":{"@id":"https:\/\/conscious-moments.com\/#website"},"primaryImageOfPage":{"@id":"https:\/\/conscious-moments.com\/newsletter\/#primaryimage"},"image":{"@id":"https:\/\/conscious-moments.com\/newsletter\/#primaryimage"},"thumbnailUrl":"https:\/\/conscious-moments.com\/wp-content\/uploads\/2025\/04\/Hintergrund-Bild-scaled.jpg","datePublished":"2020-01-30T10:40:06+00:00","dateModified":"2025-09-18T19:46:12+00:00","breadcrumb":{"@id":"https:\/\/conscious-moments.com\/newsletter\/#breadcrumb"},"inLanguage":"en-GB","potentialAction":[{"@type":"ReadAction","target":["https:\/\/conscious-moments.com\/newsletter\/"]}]},{"@type":"ImageObject","inLanguage":"en-GB","@id":"https:\/\/conscious-moments.com\/newsletter\/#primaryimage","url":"https:\/\/conscious-moments.com\/wp-content\/uploads\/2025\/04\/Hintergrund-Bild-scaled.jpg","contentUrl":"https:\/\/conscious-moments.com\/wp-content\/uploads\/2025\/04\/Hintergrund-Bild-scaled.jpg","width":1920,"height":2560},{"@type":"BreadcrumbList","@id":"https:\/\/conscious-moments.com\/newsletter\/#breadcrumb","itemListElement":[{"@type":"ListItem","position":1,"name":"Startseite","item":"https:\/\/conscious-moments.com\/"},{"@type":"ListItem","position":2,"name":"Newsletter"}]},{"@type":"WebSite","@id":"https:\/\/conscious-moments.com\/#website","url":"https:\/\/conscious-moments.com\/","name":"Conscious Moments","description":"","publisher":{"@id":"https:\/\/conscious-moments.com\/#organization"},"potentialAction":[{"@type":"SearchAction","target":{"@type":"EntryPoint","urlTemplate":"https:\/\/conscious-moments.com\/?s={search_term_string}"},"query-input":{"@type":"PropertyValueSpecification","valueRequired":true,"valueName":"search_term_string"}}],"inLanguage":"en-GB"},{"@type":"Organization","@id":"https:\/\/conscious-moments.com\/#organization","name":"Conscious Moments","url":"https:\/\/conscious-moments.com\/","logo":{"@type":"ImageObject","inLanguage":"en-GB","@id":"https:\/\/conscious-moments.com\/#\/schema\/logo\/image\/","url":"https:\/\/cm-changemaking.de\/wp-content\/uploads\/2020\/01\/logo-change-making.png","contentUrl":"https:\/\/cm-changemaking.de\/wp-content\/uploads\/2020\/01\/logo-change-making.png","width":540,"height":309,"caption":"Conscious Moments"},"image":{"@id":"https:\/\/conscious-moments.com\/#\/schema\/logo\/image\/"}}]}},"_links":{"self":[{"href":"https:\/\/conscious-moments.com\/en\/wp-json\/wp\/v2\/pages\/78","targetHints":{"allow":["GET"]}}],"collection":[{"href":"https:\/\/conscious-moments.com\/en\/wp-json\/wp\/v2\/pages"}],"about":[{"href":"https:\/\/conscious-moments.com\/en\/wp-json\/wp\/v2\/types\/page"}],"author":[{"embeddable":true,"href":"https:\/\/conscious-moments.com\/en\/wp-json\/wp\/v2\/users\/1"}],"replies":[{"embeddable":true,"href":"https:\/\/conscious-moments.com\/en\/wp-json\/wp\/v2\/comments?post=78"}],"version-history":[{"count":23,"href":"https:\/\/conscious-moments.com\/en\/wp-json\/wp\/v2\/pages\/78\/revisions"}],"predecessor-version":[{"id":2743,"href":"https:\/\/conscious-moments.com\/en\/wp-json\/wp\/v2\/pages\/78\/revisions\/2743"}],"wp:featuredmedia":[{"embeddable":true,"href":"https:\/\/conscious-moments.com\/en\/wp-json\/wp\/v2\/media\/1374"}],"wp:attachment":[{"href":"https:\/\/conscious-moments.com\/en\/wp-json\/wp\/v2\/media?parent=78"}],"curies":[{"name":"wp","href":"https:\/\/api.w.org\/{rel}","templated":true}]}}