{"id":1354,"date":"2025-04-16T09:56:52","date_gmt":"2025-04-16T08:56:52","guid":{"rendered":"http:\/\/conscious-moments.com\/?page_id=1354"},"modified":"2025-10-16T22:51:00","modified_gmt":"2025-10-16T21:51:00","slug":"onlinegruppen","status":"publish","type":"page","link":"https:\/\/conscious-moments.com\/en\/onlinegruppen\/","title":{"rendered":"Onlinegruppen"},"content":{"rendered":"<div data-elementor-type=\"wp-page\" data-elementor-id=\"1354\" class=\"elementor elementor-1354\">\n\t\t\t\t\t\t<section class=\"elementor-section elementor-top-section elementor-element elementor-element-2eaf1c5 elementor-section-boxed elementor-section-height-default elementor-section-height-default\" data-id=\"2eaf1c5\" data-element_type=\"section\">\n\t\t\t\t\t\t<div class=\"elementor-container elementor-column-gap-default\">\n\t\t\t\t\t<div class=\"elementor-column elementor-col-100 elementor-top-column elementor-element elementor-element-35a89e7\" data-id=\"35a89e7\" data-element_type=\"column\">\n\t\t\t<div class=\"elementor-widget-wrap elementor-element-populated\">\n\t\t\t\t\t\t<div class=\"elementor-element elementor-element-929e94c elementor-widget elementor-widget-spacer\" data-id=\"929e94c\" data-element_type=\"widget\" data-widget_type=\"spacer.default\">\n\t\t\t\t<div class=\"elementor-widget-container\">\n\t\t\t\t\t\t\t<div class=\"elementor-spacer\">\n\t\t\t<div class=\"elementor-spacer-inner\"><\/div>\n\t\t<\/div>\n\t\t\t\t\t\t<\/div>\n\t\t\t\t<\/div>\n\t\t\t\t\t<\/div>\n\t\t<\/div>\n\t\t\t\t\t<\/div>\n\t\t<\/section>\n\t\t\t\t<section class=\"elementor-section elementor-top-section elementor-element elementor-element-b09e4db elementor-section-boxed elementor-section-height-default elementor-section-height-default\" data-id=\"b09e4db\" data-element_type=\"section\">\n\t\t\t\t\t\t<div class=\"elementor-container elementor-column-gap-default\">\n\t\t\t\t\t<div class=\"elementor-column elementor-col-100 elementor-top-column elementor-element elementor-element-9531eef\" data-id=\"9531eef\" data-element_type=\"column\">\n\t\t\t<div class=\"elementor-widget-wrap elementor-element-populated\">\n\t\t\t\t\t\t<div class=\"elementor-element elementor-element-3dc933f elementor-widget elementor-widget-heading\" data-id=\"3dc933f\" data-element_type=\"widget\" data-widget_type=\"heading.default\">\n\t\t\t\t<div class=\"elementor-widget-container\">\n\t\t\t\t\t<h2 class=\"elementor-heading-title elementor-size-default\">ENTDECKE DICH NEU. LEBE DEINE ENERGIE.<\/h2>\t\t\t\t<\/div>\n\t\t\t\t<\/div>\n\t\t\t\t\t<\/div>\n\t\t<\/div>\n\t\t\t\t\t<\/div>\n\t\t<\/section>\n\t\t\t\t<section class=\"elementor-section elementor-top-section elementor-element elementor-element-f710b42 elementor-section-boxed elementor-section-height-default elementor-section-height-default\" data-id=\"f710b42\" data-element_type=\"section\">\n\t\t\t\t\t\t<div class=\"elementor-container elementor-column-gap-default\">\n\t\t\t\t\t<div class=\"elementor-column elementor-col-50 elementor-top-column elementor-element elementor-element-63a9d3c\" data-id=\"63a9d3c\" data-element_type=\"column\">\n\t\t\t<div class=\"elementor-widget-wrap elementor-element-populated\">\n\t\t\t\t\t\t<div class=\"elementor-element elementor-element-28f4544 elementor-widget elementor-widget-text-editor\" data-id=\"28f4544\" data-element_type=\"widget\" data-widget_type=\"text-editor.default\">\n\t\t\t\t<div class=\"elementor-widget-container\">\n\t\t\t\t\t\t\t\t\t<p>Suchst du einen Weg, um dich ganzheitlich, sowohl privat als auch beruflich zu entfalten und dabei ein ganz neues Lebensgef\u00fchl zu entwickeln? Das Gef\u00fchl von Echtheit, F\u00fclle und inneren Frieden? DU TR\u00c4GST ALLES IN DIR, WAS DU DAZU BRAUCHST!<\/p><p>Die Sache ist die: &#8222;Wei\u00dft du, was wirklich in dir steckt und zu was du im Stande w\u00e4rst, wenn du deine einzigartige Energie wirklich komplett lebst?&#8220; Wer w\u00e4rst du dann?<\/p><p>In unseren Onlinegruppen, die wir innerhalb von 6-9 Monate in einem gesch\u00fctzten digitalen Raum begleiten, hast du die M\u00f6glichkeit, mehr \u00fcber DICH und dein NEUES ICH zu erfahren, in der Gruppe im Austausch und mit Authentizit\u00e4t.<\/p><p>Ab 2027 wird es eine geschlossene Onlinegruppe geben als Unterst\u00fctzung f\u00fcr deine energetische Entfaltung. Wir werden uns dabei auf eine Reise durch die Chakrenenergie begeben, die viele Themen zu einer neuen Sichtweise auf DICH \u00f6ffnet. Durch die Kombination eines tiefen Wissens im Bereich der Energie- und K\u00f6rperarbeit mit dem Human Design und weiteren ganzheitlichen Ans\u00e4tzen bieten wir dir diese besondere Begleitung an.<\/p><p>Mehr zum Angebot der Onlinegruppen erh\u00e4ltst du hier in K\u00fcrze.<\/p>\t\t\t\t\t\t\t\t<\/div>\n\t\t\t\t<\/div>\n\t\t\t\t\t<\/div>\n\t\t<\/div>\n\t\t\t\t<div class=\"elementor-column elementor-col-50 elementor-top-column elementor-element elementor-element-9dc03b5\" data-id=\"9dc03b5\" data-element_type=\"column\">\n\t\t\t<div class=\"elementor-widget-wrap elementor-element-populated\">\n\t\t\t\t\t\t<div class=\"elementor-element elementor-element-cee91a5 elementor-widget elementor-widget-image\" data-id=\"cee91a5\" data-element_type=\"widget\" data-widget_type=\"image.default\">\n\t\t\t\t<div class=\"elementor-widget-container\">\n\t\t\t\t\t\t\t\t\t\t\t\t\t\t\t<img fetchpriority=\"high\" decoding=\"async\" width=\"768\" height=\"1024\" src=\"https:\/\/conscious-moments.com\/wp-content\/uploads\/2025\/04\/Human-Design-Moments-768x1024.jpg\" class=\"attachment-large size-large wp-image-1400\" alt=\"\" srcset=\"https:\/\/conscious-moments.com\/wp-content\/uploads\/2025\/04\/Human-Design-Moments-768x1024.jpg 768w, https:\/\/conscious-moments.com\/wp-content\/uploads\/2025\/04\/Human-Design-Moments-225x300.jpg 225w, https:\/\/conscious-moments.com\/wp-content\/uploads\/2025\/04\/Human-Design-Moments-1152x1536.jpg 1152w, https:\/\/conscious-moments.com\/wp-content\/uploads\/2025\/04\/Human-Design-Moments-9x12.jpg 9w, https:\/\/conscious-moments.com\/wp-content\/uploads\/2025\/04\/Human-Design-Moments-1024x1365.jpg 1024w, https:\/\/conscious-moments.com\/wp-content\/uploads\/2025\/04\/Human-Design-Moments-810x1080.jpg 810w, https:\/\/conscious-moments.com\/wp-content\/uploads\/2025\/04\/Human-Design-Moments.jpg 1512w\" sizes=\"(max-width: 768px) 100vw, 768px\" \/>\t\t\t\t\t\t\t\t\t\t\t\t\t\t\t<\/div>\n\t\t\t\t<\/div>\n\t\t\t\t\t<\/div>\n\t\t<\/div>\n\t\t\t\t\t<\/div>\n\t\t<\/section>\n\t\t\t\t<section class=\"elementor-section elementor-top-section elementor-element elementor-element-1ba6a0a elementor-section-boxed elementor-section-height-default elementor-section-height-default\" data-id=\"1ba6a0a\" data-element_type=\"section\">\n\t\t\t\t\t\t<div class=\"elementor-container elementor-column-gap-default\">\n\t\t\t\t\t<div class=\"elementor-column elementor-col-100 elementor-top-column elementor-element elementor-element-849658d\" data-id=\"849658d\" data-element_type=\"column\">\n\t\t\t<div class=\"elementor-widget-wrap elementor-element-populated\">\n\t\t\t\t\t\t<div class=\"elementor-element elementor-element-c6b87a2 elementor-widget elementor-widget-spacer\" data-id=\"c6b87a2\" data-element_type=\"widget\" data-widget_type=\"spacer.default\">\n\t\t\t\t<div class=\"elementor-widget-container\">\n\t\t\t\t\t\t\t<div class=\"elementor-spacer\">\n\t\t\t<div class=\"elementor-spacer-inner\"><\/div>\n\t\t<\/div>\n\t\t\t\t\t\t<\/div>\n\t\t\t\t<\/div>\n\t\t\t\t\t<\/div>\n\t\t<\/div>\n\t\t\t\t\t<\/div>\n\t\t<\/section>\n\t\t\t\t<section class=\"elementor-section elementor-top-section elementor-element elementor-element-7f69182 elementor-section-boxed elementor-section-height-default elementor-section-height-default\" data-id=\"7f69182\" data-element_type=\"section\">\n\t\t\t\t\t\t<div class=\"elementor-container elementor-column-gap-default\">\n\t\t\t\t\t<div class=\"elementor-column elementor-col-100 elementor-top-column elementor-element elementor-element-c2f614a\" data-id=\"c2f614a\" data-element_type=\"column\">\n\t\t\t<div class=\"elementor-widget-wrap elementor-element-populated\">\n\t\t\t\t\t\t<div class=\"elementor-element elementor-element-1465ec0 elementor-view-default elementor-widget elementor-widget-icon\" data-id=\"1465ec0\" data-element_type=\"widget\" data-widget_type=\"icon.default\">\n\t\t\t\t<div class=\"elementor-widget-container\">\n\t\t\t\t\t\t\t<div class=\"elementor-icon-wrapper\">\n\t\t\t<div class=\"elementor-icon\">\n\t\t\t<i aria-hidden=\"true\" class=\"fas fa-heart\"><\/i>\t\t\t<\/div>\n\t\t<\/div>\n\t\t\t\t\t\t<\/div>\n\t\t\t\t<\/div>\n\t\t\t\t\t<\/div>\n\t\t<\/div>\n\t\t\t\t\t<\/div>\n\t\t<\/section>\n\t\t\t\t<section class=\"elementor-section elementor-top-section elementor-element elementor-element-5f7d43f elementor-section-boxed elementor-section-height-default elementor-section-height-default\" data-id=\"5f7d43f\" data-element_type=\"section\">\n\t\t\t\t\t\t<div class=\"elementor-container elementor-column-gap-default\">\n\t\t\t\t\t<div class=\"elementor-column elementor-col-100 elementor-top-column elementor-element elementor-element-ad1e812\" data-id=\"ad1e812\" data-element_type=\"column\">\n\t\t\t<div class=\"elementor-widget-wrap elementor-element-populated\">\n\t\t\t\t\t\t<div class=\"elementor-element elementor-element-9545ab8 elementor-widget elementor-widget-spacer\" data-id=\"9545ab8\" data-element_type=\"widget\" data-widget_type=\"spacer.default\">\n\t\t\t\t<div class=\"elementor-widget-container\">\n\t\t\t\t\t\t\t<div class=\"elementor-spacer\">\n\t\t\t<div class=\"elementor-spacer-inner\"><\/div>\n\t\t<\/div>\n\t\t\t\t\t\t<\/div>\n\t\t\t\t<\/div>\n\t\t\t\t\t<\/div>\n\t\t<\/div>\n\t\t\t\t\t<\/div>\n\t\t<\/section>\n\t\t\t\t<\/div>","protected":false},"excerpt":{"rendered":"<p>ENTDECKE DICH NEU. LEBE DEINE ENERGIE. Suchst du einen Weg, um dich ganzheitlich, sowohl privat als auch beruflich zu entfalten und dabei ein ganz neues Lebensgef\u00fchl zu entwickeln? Das Gef\u00fchl von Echtheit, F\u00fclle und inneren Frieden? DU TR\u00c4GST ALLES IN DIR, WAS DU DAZU BRAUCHST! Die Sache ist die: &#8222;Wei\u00dft du, was wirklich in dir&hellip; <br \/> <a class=\"read-more\" href=\"https:\/\/conscious-moments.com\/en\/onlinegruppen\/\">Read more<\/a><\/p>","protected":false},"author":1,"featured_media":537,"parent":0,"menu_order":0,"comment_status":"closed","ping_status":"closed","template":"","meta":{"footnotes":""},"class_list":["post-1354","page","type-page","status-publish","has-post-thumbnail","hentry"],"yoast_head":"<!-- This site is optimized with the Yoast SEO plugin v26.1.1 - https:\/\/yoast.com\/wordpress\/plugins\/seo\/ -->\n<title>Onlinegruppen - Conscious Moments<\/title>\n<meta name=\"robots\" content=\"index, follow, max-snippet:-1, max-image-preview:large, max-video-preview:-1\" \/>\n<link rel=\"canonical\" href=\"https:\/\/conscious-moments.com\/en\/onlinegruppen\/\" \/>\n<meta property=\"og:locale\" content=\"en_GB\" \/>\n<meta property=\"og:type\" content=\"article\" \/>\n<meta property=\"og:title\" content=\"Onlinegruppen - Conscious Moments\" \/>\n<meta property=\"og:description\" content=\"ENTDECKE DICH NEU. LEBE DEINE ENERGIE. Suchst du einen Weg, um dich ganzheitlich, sowohl privat als auch beruflich zu entfalten und dabei ein ganz neues Lebensgef\u00fchl zu entwickeln? Das Gef\u00fchl von Echtheit, F\u00fclle und inneren Frieden? DU TR\u00c4GST ALLES IN DIR, WAS DU DAZU BRAUCHST! Die Sache ist die: &#8222;Wei\u00dft du, was wirklich in dir&hellip; Read more\" \/>\n<meta property=\"og:url\" content=\"https:\/\/conscious-moments.com\/en\/onlinegruppen\/\" \/>\n<meta property=\"og:site_name\" content=\"Conscious Moments\" \/>\n<meta property=\"article:modified_time\" content=\"2025-10-16T21:51:00+00:00\" \/>\n<meta property=\"og:image\" content=\"https:\/\/conscious-moments.com\/wp-content\/uploads\/2020\/02\/cropped-christins_jan2020_gross-1.jpg\" \/>\n\t<meta property=\"og:image:width\" content=\"1920\" \/>\n\t<meta property=\"og:image:height\" content=\"1157\" \/>\n\t<meta property=\"og:image:type\" content=\"image\/jpeg\" \/>\n<meta name=\"twitter:card\" content=\"summary_large_image\" \/>\n<meta name=\"twitter:label1\" content=\"Estimated reading time\" \/>\n\t<meta name=\"twitter:data1\" content=\"2 minutes\" \/>\n<script type=\"application\/ld+json\" class=\"yoast-schema-graph\">{\"@context\":\"https:\/\/schema.org\",\"@graph\":[{\"@type\":\"WebPage\",\"@id\":\"https:\/\/conscious-moments.com\/onlinegruppen\/\",\"url\":\"https:\/\/conscious-moments.com\/onlinegruppen\/\",\"name\":\"Onlinegruppen - Conscious Moments\",\"isPartOf\":{\"@id\":\"https:\/\/conscious-moments.com\/#website\"},\"primaryImageOfPage\":{\"@id\":\"https:\/\/conscious-moments.com\/onlinegruppen\/#primaryimage\"},\"image\":{\"@id\":\"https:\/\/conscious-moments.com\/onlinegruppen\/#primaryimage\"},\"thumbnailUrl\":\"https:\/\/conscious-moments.com\/wp-content\/uploads\/2020\/02\/cropped-christins_jan2020_gross-1.jpg\",\"datePublished\":\"2025-04-16T08:56:52+00:00\",\"dateModified\":\"2025-10-16T21:51:00+00:00\",\"breadcrumb\":{\"@id\":\"https:\/\/conscious-moments.com\/onlinegruppen\/#breadcrumb\"},\"inLanguage\":\"en-GB\",\"potentialAction\":[{\"@type\":\"ReadAction\",\"target\":[\"https:\/\/conscious-moments.com\/onlinegruppen\/\"]}]},{\"@type\":\"ImageObject\",\"inLanguage\":\"en-GB\",\"@id\":\"https:\/\/conscious-moments.com\/onlinegruppen\/#primaryimage\",\"url\":\"https:\/\/conscious-moments.com\/wp-content\/uploads\/2020\/02\/cropped-christins_jan2020_gross-1.jpg\",\"contentUrl\":\"https:\/\/conscious-moments.com\/wp-content\/uploads\/2020\/02\/cropped-christins_jan2020_gross-1.jpg\",\"width\":1920,\"height\":1157},{\"@type\":\"BreadcrumbList\",\"@id\":\"https:\/\/conscious-moments.com\/onlinegruppen\/#breadcrumb\",\"itemListElement\":[{\"@type\":\"ListItem\",\"position\":1,\"name\":\"Startseite\",\"item\":\"https:\/\/conscious-moments.com\/\"},{\"@type\":\"ListItem\",\"position\":2,\"name\":\"Onlinegruppen\"}]},{\"@type\":\"WebSite\",\"@id\":\"https:\/\/conscious-moments.com\/#website\",\"url\":\"https:\/\/conscious-moments.com\/\",\"name\":\"Conscious Moments\",\"description\":\"\",\"publisher\":{\"@id\":\"https:\/\/conscious-moments.com\/#organization\"},\"potentialAction\":[{\"@type\":\"SearchAction\",\"target\":{\"@type\":\"EntryPoint\",\"urlTemplate\":\"https:\/\/conscious-moments.com\/?s={search_term_string}\"},\"query-input\":{\"@type\":\"PropertyValueSpecification\",\"valueRequired\":true,\"valueName\":\"search_term_string\"}}],\"inLanguage\":\"en-GB\"},{\"@type\":\"Organization\",\"@id\":\"https:\/\/conscious-moments.com\/#organization\",\"name\":\"Conscious Moments\",\"url\":\"https:\/\/conscious-moments.com\/\",\"logo\":{\"@type\":\"ImageObject\",\"inLanguage\":\"en-GB\",\"@id\":\"https:\/\/conscious-moments.com\/#\/schema\/logo\/image\/\",\"url\":\"https:\/\/cm-changemaking.de\/wp-content\/uploads\/2020\/01\/logo-change-making.png\",\"contentUrl\":\"https:\/\/cm-changemaking.de\/wp-content\/uploads\/2020\/01\/logo-change-making.png\",\"width\":540,\"height\":309,\"caption\":\"Conscious Moments\"},\"image\":{\"@id\":\"https:\/\/conscious-moments.com\/#\/schema\/logo\/image\/\"}}]}<\/script>\n<!-- \/ Yoast SEO plugin. -->","yoast_head_json":{"title":"Onlinegruppen - Conscious Moments","robots":{"index":"index","follow":"follow","max-snippet":"max-snippet:-1","max-image-preview":"max-image-preview:large","max-video-preview":"max-video-preview:-1"},"canonical":"https:\/\/conscious-moments.com\/en\/onlinegruppen\/","og_locale":"en_GB","og_type":"article","og_title":"Onlinegruppen - Conscious Moments","og_description":"ENTDECKE DICH NEU. LEBE DEINE ENERGIE. Suchst du einen Weg, um dich ganzheitlich, sowohl privat als auch beruflich zu entfalten und dabei ein ganz neues Lebensgef\u00fchl zu entwickeln? Das Gef\u00fchl von Echtheit, F\u00fclle und inneren Frieden? DU TR\u00c4GST ALLES IN DIR, WAS DU DAZU BRAUCHST! Die Sache ist die: &#8222;Wei\u00dft du, was wirklich in dir&hellip; Read more","og_url":"https:\/\/conscious-moments.com\/en\/onlinegruppen\/","og_site_name":"Conscious Moments","article_modified_time":"2025-10-16T21:51:00+00:00","og_image":[{"width":1920,"height":1157,"url":"https:\/\/conscious-moments.com\/wp-content\/uploads\/2020\/02\/cropped-christins_jan2020_gross-1.jpg","type":"image\/jpeg"}],"twitter_card":"summary_large_image","twitter_misc":{"Estimated reading time":"2 minutes"},"schema":{"@context":"https:\/\/schema.org","@graph":[{"@type":"WebPage","@id":"https:\/\/conscious-moments.com\/onlinegruppen\/","url":"https:\/\/conscious-moments.com\/onlinegruppen\/","name":"Onlinegruppen - Conscious Moments","isPartOf":{"@id":"https:\/\/conscious-moments.com\/#website"},"primaryImageOfPage":{"@id":"https:\/\/conscious-moments.com\/onlinegruppen\/#primaryimage"},"image":{"@id":"https:\/\/conscious-moments.com\/onlinegruppen\/#primaryimage"},"thumbnailUrl":"https:\/\/conscious-moments.com\/wp-content\/uploads\/2020\/02\/cropped-christins_jan2020_gross-1.jpg","datePublished":"2025-04-16T08:56:52+00:00","dateModified":"2025-10-16T21:51:00+00:00","breadcrumb":{"@id":"https:\/\/conscious-moments.com\/onlinegruppen\/#breadcrumb"},"inLanguage":"en-GB","potentialAction":[{"@type":"ReadAction","target":["https:\/\/conscious-moments.com\/onlinegruppen\/"]}]},{"@type":"ImageObject","inLanguage":"en-GB","@id":"https:\/\/conscious-moments.com\/onlinegruppen\/#primaryimage","url":"https:\/\/conscious-moments.com\/wp-content\/uploads\/2020\/02\/cropped-christins_jan2020_gross-1.jpg","contentUrl":"https:\/\/conscious-moments.com\/wp-content\/uploads\/2020\/02\/cropped-christins_jan2020_gross-1.jpg","width":1920,"height":1157},{"@type":"BreadcrumbList","@id":"https:\/\/conscious-moments.com\/onlinegruppen\/#breadcrumb","itemListElement":[{"@type":"ListItem","position":1,"name":"Startseite","item":"https:\/\/conscious-moments.com\/"},{"@type":"ListItem","position":2,"name":"Onlinegruppen"}]},{"@type":"WebSite","@id":"https:\/\/conscious-moments.com\/#website","url":"https:\/\/conscious-moments.com\/","name":"Conscious Moments","description":"","publisher":{"@id":"https:\/\/conscious-moments.com\/#organization"},"potentialAction":[{"@type":"SearchAction","target":{"@type":"EntryPoint","urlTemplate":"https:\/\/conscious-moments.com\/?s={search_term_string}"},"query-input":{"@type":"PropertyValueSpecification","valueRequired":true,"valueName":"search_term_string"}}],"inLanguage":"en-GB"},{"@type":"Organization","@id":"https:\/\/conscious-moments.com\/#organization","name":"Conscious Moments","url":"https:\/\/conscious-moments.com\/","logo":{"@type":"ImageObject","inLanguage":"en-GB","@id":"https:\/\/conscious-moments.com\/#\/schema\/logo\/image\/","url":"https:\/\/cm-changemaking.de\/wp-content\/uploads\/2020\/01\/logo-change-making.png","contentUrl":"https:\/\/cm-changemaking.de\/wp-content\/uploads\/2020\/01\/logo-change-making.png","width":540,"height":309,"caption":"Conscious Moments"},"image":{"@id":"https:\/\/conscious-moments.com\/#\/schema\/logo\/image\/"}}]}},"_links":{"self":[{"href":"https:\/\/conscious-moments.com\/en\/wp-json\/wp\/v2\/pages\/1354","targetHints":{"allow":["GET"]}}],"collection":[{"href":"https:\/\/conscious-moments.com\/en\/wp-json\/wp\/v2\/pages"}],"about":[{"href":"https:\/\/conscious-moments.com\/en\/wp-json\/wp\/v2\/types\/page"}],"author":[{"embeddable":true,"href":"https:\/\/conscious-moments.com\/en\/wp-json\/wp\/v2\/users\/1"}],"replies":[{"embeddable":true,"href":"https:\/\/conscious-moments.com\/en\/wp-json\/wp\/v2\/comments?post=1354"}],"version-history":[{"count":35,"href":"https:\/\/conscious-moments.com\/en\/wp-json\/wp\/v2\/pages\/1354\/revisions"}],"predecessor-version":[{"id":3120,"href":"https:\/\/conscious-moments.com\/en\/wp-json\/wp\/v2\/pages\/1354\/revisions\/3120"}],"wp:featuredmedia":[{"embeddable":true,"href":"https:\/\/conscious-moments.com\/en\/wp-json\/wp\/v2\/media\/537"}],"wp:attachment":[{"href":"https:\/\/conscious-moments.com\/en\/wp-json\/wp\/v2\/media?parent=1354"}],"curies":[{"name":"wp","href":"https:\/\/api.w.org\/{rel}","templated":true}]}}